{"id":143,"date":"2020-02-24T13:08:57","date_gmt":"2020-02-24T13:08:57","guid":{"rendered":"https:\/\/demosites.io\/zelle-gb\/?page_id=143"},"modified":"2024-08-06T21:08:32","modified_gmt":"2024-08-06T21:08:32","slug":"0227d-home","status":"publish","type":"page","link":"https:\/\/www.alapitravel.com\/","title":{"rendered":"Home"},"content":{"rendered":"\n<div id=\"wp-block-themeisle-blocks-advanced-columns-d26b6b4e\" class=\"wp-block-themeisle-blocks-advanced-columns alignfull has-1-columns has-desktop-equal-layout has-tablet-equal-layout has-mobile-equal-layout has-vertical-center\"><div class=\"wp-block-themeisle-blocks-advanced-columns-overlay\"><\/div><div class=\"innerblocks-wrap\">\n<div id=\"wp-block-themeisle-blocks-advanced-column-bc8f6b49\" class=\"wp-block-themeisle-blocks-advanced-column\">\n<h1 class=\"wp-block-heading has-text-align-left has-white-color has-text-color\">ALIADOS EN EL CRECIMIENTO DE TU AGENCIA DE VIAJES<\/h1>\n\n\n\n<div style=\"height:0px\" aria-hidden=\"true\" class=\"wp-block-spacer\"><\/div>\n\n\n\n<p class=\"has-nv-site-bg-color has-text-color has-link-color has-medium-font-size wp-elements-5a0af5649cd9ae4fe1fb5c3d24083944\"><strong>Contamos con un amplio inventario de servicios turisticos en todo el mundo y lo combinamos con herramietas tecnol\u00f3gicas de \u00faltima generaci\u00f3n, para ayudarte a crecer en tus ventas.<\/strong><\/p>\n\n\n\n<div id=\"wp-block-themeisle-blocks-button-group-2dde628f\" class=\"wp-block-themeisle-blocks-button-group wp-block-buttons align-left-desktop\">\n<div id=\"wp-block-themeisle-blocks-button-571269f2\" class=\"wp-block-themeisle-blocks-button wp-block-button\"><a href=\"#registro\" target=\"_self\" rel=\"noopener noreferrer\" class=\"wp-block-button__link\"><svg xmlns=\"http:\/\/www.w3.org\/2000\/svg\" viewBox=\"0 0 1800 1800\" class=\"margin-right\"><path d=\"M241.023,324.818c0.252,0,0.505,0.035,0.758,0.035h465.68c17.266,0,31.256-13.99,31.256-31.252 c0-17.262-13.99-31.247-31.256-31.247H351.021h-109.24c-17.258,0-31.252,13.985-31.252,31.247 C210.529,310.605,224.121,324.412,241.023,324.818z\"><\/path><path d=\"M210.529,450.306c0,17.257,13.994,31.252,31.252,31.252h769.451c17.262,0,31.256-13.995,31.256-31.252 c0-17.266-13.994-31.252-31.256-31.252H241.781C224.523,419.054,210.529,433.04,210.529,450.306z\"><\/path><path d=\"M1011.232,575.751H241.781c-8.149,0-15.549,3.147-21.116,8.261c-6.213,5.712-10.136,13.879-10.136,22.987 c0,17.262,13.994,31.26,31.252,31.26h769.451c17.262,0,31.256-13.999,31.256-31.26c0-9.108-3.923-17.275-10.141-22.987 C1026.781,578.898,1019.386,575.751,1011.232,575.751z\"><\/path><path d=\"M1011.232,732.461H241.781c-17.258,0-31.252,13.99-31.252,31.247c0,17.262,13.994,31.257,31.252,31.257 h769.451c17.262,0,31.256-13.995,31.256-31.257C1042.488,746.451,1028.494,732.461,1011.232,732.461z\"><\/path><path d=\"M1011.232,889.157H241.781c-8.149,0-15.549,3.147-21.116,8.261c-6.213,5.713-10.136,13.879-10.136,22.987 c0,17.257,13.994,31.261,31.252,31.261h769.451c17.262,0,31.256-14.004,31.256-31.261c0-9.108-3.923-17.274-10.141-22.987 C1026.781,892.305,1019.386,889.157,1011.232,889.157z\"><\/path><path d=\"M1011.232,1045.867H241.781c-17.258,0-31.252,13.99-31.252,31.243c0,17.271,13.994,31.265,31.252,31.265 h769.451c17.262,0,31.256-13.994,31.256-31.265C1042.488,1059.857,1028.494,1045.867,1011.232,1045.867z\"><\/path><path d=\"M1011.232,1202.576H241.781c-17.258,0-31.252,13.995-31.252,31.252c0,17.258,13.994,31.252,31.252,31.252 h769.451c17.262,0,31.256-13.994,31.256-31.252C1042.488,1216.571,1028.494,1202.576,1011.232,1202.576z\"><\/path><path d=\"M1011.232,1359.273H241.781c-8.149,0-15.549,3.151-21.116,8.265c-6.213,5.713-10.136,13.875-10.136,22.987 c0,17.258,13.994,31.261,31.252,31.261h769.451c17.262,0,31.256-14.003,31.256-31.261c0-9.112-3.923-17.274-10.141-22.987 C1026.781,1362.425,1019.386,1359.273,1011.232,1359.273z\"><\/path><path d=\"M1233.542,251.228l-49.851-45.109L1052.136,87.076l-59.185-53.554c-5.293-4.792-11.947-7.421-18.786-7.836 h-3.49H83.676c-45.688,0-82.858,37.375-82.858,83.316v1583.612c0,45.94,37.17,83.316,82.858,83.316h1078.562 c45.68,0,82.845-37.376,82.845-83.316V277.08v-3.182C1244.646,264.73,1240.261,256.589,1233.542,251.228z M1003.117,125.864 l131.119,118.657h-131.119V125.864z M1183.691,1692.613c0,12.094-9.622,21.926-21.454,21.926H83.676 c-11.836,0-21.467-9.832-21.467-21.926V109.001c0-12.089,9.631-21.925,21.467-21.925h857.857V275.38 c0,17.052,13.785,30.862,30.786,30.862h211.372V1692.613z\"><\/path><path d=\"M1798.578,180.737c-7.049-88.305-81.114-158.02-171.205-158.02c-0.004,0-0.004,0-0.004,0 c-45.889,0-89.033,17.874-121.479,50.32c-29.18,29.175-46.519,67.005-49.73,107.699h-0.586v13.609c0,0.06-0.005,0.115-0.005,0.175 c0,0.026,0.005,0.056,0.005,0.082l-0.005,1369.26h0.197c0.557,5.404,2.522,10.731,6.047,15.373l141.135,185.91 c5.803,7.648,14.851,12.136,24.447,12.136c9.601-0.004,18.646-4.496,24.447-12.14l141.093-185.897 c3.528-4.65,5.494-9.982,6.051-15.391h0.197V180.737H1798.578z M1549.299,116.448c20.854-20.855,48.578-32.339,78.07-32.339h0.004 c50.24,0,92.746,33.723,106.076,79.718h-212.19C1526.358,146.098,1535.896,129.852,1549.299,116.448z M1595.372,1502.468 l-78.413,0.005l0.005-1260.345h220.828v1260.336h-81.103l0.009-1016.486l-61.335,0.004L1595.372,1502.468z M1627.382,1695.821 l-100.171-131.963l200.338-0.004L1627.382,1695.821z\"><\/path><\/svg><span>REGISTRO<\/span><\/a><\/div>\n<\/div>\n<\/div>\n<\/div><\/div>\n\n\n\n<div id=\"focus\" class=\"wp-block-themeisle-blocks-advanced-columns alignfull has-1-columns has-desktop-equal-layout has-tablet-equal-layout has-mobile-equal-layout has-vertical-unset\"><div class=\"wp-block-themeisle-blocks-advanced-columns-overlay\"><\/div><div class=\"innerblocks-wrap\">\n<div id=\"wp-block-themeisle-blocks-advanced-column-b3c846e4\" class=\"wp-block-themeisle-blocks-advanced-column\">\n<h2 class=\"wp-block-heading has-text-align-center\">Servicios<\/h2>\n\n\n\n<p class=\"has-text-align-center\">Ofrece a tus clientes servicios tur\u00edsticos en todo el mundo.<\/p>\n<\/div>\n<\/div><\/div>\n\n\n\n<div id=\"se\" class=\"wp-block-themeisle-blocks-advanced-columns alignfull has-4-columns has-desktop-equal-layout has-tablet-equal-layout has-mobile-collapsedRows-layout has-vertical-unset\"><div class=\"wp-block-themeisle-blocks-advanced-columns-overlay\"><\/div><div class=\"innerblocks-wrap\">\n<div id=\"wp-block-themeisle-blocks-advanced-column-71484aac\" class=\"wp-block-themeisle-blocks-advanced-column\">\n<div id=\"wp-block-themeisle-blocks-font-awesome-icons-29583e4b\" class=\"wp-block-themeisle-blocks-font-awesome-icons\"><span class=\"wp-block-themeisle-blocks-font-awesome-icons-container\"><i class=\"fas fa-plane\"><\/i><\/span><\/div>\n\n\n\n<div style=\"height:16px\" aria-hidden=\"true\" class=\"wp-block-spacer\"><\/div>\n\n\n\n<h5 id=\"wp-block-themeisle-blocks-advanced-heading-e50a9371\" class=\"wp-block-themeisle-blocks-advanced-heading wp-block-themeisle-blocks-advanced-heading-e50a9371\">Vuelos<\/h5>\n\n\n\n<p class=\"has-text-align-center has-link-color-color has-text-color\" style=\"font-size:14px\">Encuentra vuelos online, incluyendo inventario de NDC<\/p>\n<\/div>\n\n\n\n<div id=\"wp-block-themeisle-blocks-advanced-column-a0079089\" class=\"wp-block-themeisle-blocks-advanced-column\">\n<div id=\"wp-block-themeisle-blocks-font-awesome-icons-cdfe10a4\" class=\"wp-block-themeisle-blocks-font-awesome-icons\"><span class=\"wp-block-themeisle-blocks-font-awesome-icons-container\"><i class=\"fas fa-concierge-bell\"><\/i><\/span><\/div>\n\n\n\n<div style=\"height:16px\" aria-hidden=\"true\" class=\"wp-block-spacer\"><\/div>\n\n\n\n<h5 id=\"wp-block-themeisle-blocks-advanced-heading-7964a169\" class=\"wp-block-themeisle-blocks-advanced-heading wp-block-themeisle-blocks-advanced-heading-7964a169\">Hospedaje<\/h5>\n\n\n\n<p class=\"has-text-align-center has-link-color-color has-text-color\" style=\"font-size:14px\">Contamos con el inventario de los principales operadores del mundo.<\/p>\n<\/div>\n\n\n\n<div id=\"wp-block-themeisle-blocks-advanced-column-3ad7ac1c\" class=\"wp-block-themeisle-blocks-advanced-column\">\n<div id=\"wp-block-themeisle-blocks-font-awesome-icons-3f5f9531\" class=\"wp-block-themeisle-blocks-font-awesome-icons\"><span class=\"wp-block-themeisle-blocks-font-awesome-icons-container\"><i class=\"fas fa-suitcase\"><\/i><\/span><\/div>\n\n\n\n<div style=\"height:16px\" aria-hidden=\"true\" class=\"wp-block-spacer\"><\/div>\n\n\n\n<h5 id=\"wp-block-themeisle-blocks-advanced-heading-68f9f4b6\" class=\"wp-block-themeisle-blocks-advanced-heading wp-block-themeisle-blocks-advanced-heading-68f9f4b6\">Paquetes<\/h5>\n\n\n\n<p class=\"has-text-align-center has-link-color-color has-text-color\" style=\"font-size:14px\">Crea de manera f\u00e1cil y r\u00e1pida paquetes y propuestas a medida.<\/p>\n<\/div>\n\n\n\n<div id=\"wp-block-themeisle-blocks-advanced-column-3c8795d5\" class=\"wp-block-themeisle-blocks-advanced-column\">\n<div id=\"wp-block-themeisle-blocks-font-awesome-icons-cfdabdc0\" class=\"wp-block-themeisle-blocks-font-awesome-icons\"><span class=\"wp-block-themeisle-blocks-font-awesome-icons-container nan-padding\"><i class=\"fas fa-tools\"><\/i><\/span><\/div>\n\n\n\n<div style=\"height:16px\" aria-hidden=\"true\" class=\"wp-block-spacer\"><\/div>\n\n\n\n<h5 class=\"wp-block-heading has-text-align-center\">M\u00e1s herramientas<\/h5>\n<\/div>\n<\/div><\/div>\n\n\n\n<div id=\"about\" class=\"wp-block-themeisle-blocks-advanced-columns alignfull has-1-columns has-desktop-equal-layout has-tablet-equal-layout has-mobile-equal-layout has-vertical-unset\"><div class=\"wp-block-themeisle-blocks-advanced-columns-overlay\"><\/div><div class=\"innerblocks-wrap\">\n<div id=\"wp-block-themeisle-blocks-advanced-column-b84eb7cd\" class=\"wp-block-themeisle-blocks-advanced-column\">\n<h2 class=\"wp-block-heading has-text-align-center has-white-color has-text-color\"><strong>\u00bf<\/strong>Qui\u00e9nes somos?<\/h2>\n\n\n\n<p class=\"has-text-align-center has-white-color has-text-color\" style=\"font-size:22px\"><strong>Alapi Travel<\/strong> surgi\u00f3 como una innovadora alternativa frente a los operadores mayoristas convencionales. Nos especializamos en proporcionar soluciones tecnol\u00f3gicas integradoras dise\u00f1adas espec\u00edficamente para agencias de viaje. Nuestro enfoque principal radica en optimizar tanto los procesos comerciales como operativos.<\/p>\n\n\n\n<p class=\"has-text-align-center has-white-color has-text-color\" style=\"font-size:22px\">Nuestro compromiso es facilitar a todas las agencias de viaje, sin importar su tama\u00f1o, el acceso a herramientas tecnol\u00f3gicas avanzadas similares a las que utilizan las principales OTAs. Adem\u00e1s, ofrecemos un inventario completo de servicios que les permite expandirse y aumentar su eficiencia comercial de manera \u00f3ptima.<\/p>\n<\/div>\n<\/div><\/div>\n\n\n\n<div id=\"testimonials\" class=\"wp-block-themeisle-blocks-advanced-columns alignfull has-1-columns has-desktop-equal-layout has-tablet-equal-layout has-mobile-equal-layout has-vertical-unset\"><div class=\"wp-block-themeisle-blocks-advanced-columns-overlay\"><\/div><div class=\"innerblocks-wrap\">\n<div id=\"wp-block-themeisle-blocks-advanced-column-b0f59dbe\" class=\"wp-block-themeisle-blocks-advanced-column\">\n<h1 class=\"wp-block-heading has-text-align-center has-white-color has-text-color\">Nuestras soluciones<\/h1>\n\n\n\n<p class=\"has-text-align-center has-nv-site-bg-color has-text-color has-link-color wp-elements-e6017ac41a5a9767c0d67297c7c20a96\">Descubre algunas de nuestras soluciones pensadas para tu agencia de viajes.  <\/p>\n\n\n\n<div class=\"wp-block-columns is-layout-flex wp-container-core-columns-is-layout-9d6595d7 wp-block-columns-is-layout-flex\">\n<div class=\"wp-block-column is-layout-flow wp-block-column-is-layout-flow\">\n<h2 class=\"wp-block-heading has-text-align-center has-nv-site-bg-color has-text-color has-link-color wp-elements-804667ba4bea7eeeb9ea60af2da8b23a\">Web<\/h2>\n\n\n\n<p class=\"has-nv-site-bg-color has-text-color has-link-color wp-elements-766532abdb0e8d3469ff5534076d87de\">Busca, cotiza y reserva de manera online nuestros servcios, dale seguimiento a tus ventas de manera online y auto-gestionable.<\/p>\n<\/div>\n\n\n\n<div class=\"wp-block-column is-layout-flow wp-block-column-is-layout-flow\">\n<h2 class=\"wp-block-heading has-text-align-center has-nv-site-bg-color has-text-color has-link-color wp-elements-8396b4880a097cc732e3c6daee4a3e16\">API<\/h2>\n\n\n\n<p class=\"has-nv-site-bg-color has-text-color has-link-color wp-elements-1d0e3393801295e41cabf917044cab70\">Integra tus sistemas con nuestra API Json y accede a nuestro inventario de mas de 70mil hoteles en todo el mundo. <\/p>\n<\/div>\n<\/div>\n<\/div>\n<\/div><\/div>\n\n\n\n<div id=\"registro\" class=\"wp-block-themeisle-blocks-advanced-columns alignfull has-1-columns has-desktop-equal-layout has-tablet-equal-layout has-mobile-equal-layout has-vertical-unset\"><div class=\"wp-block-themeisle-blocks-advanced-columns-overlay\"><\/div><div class=\"innerblocks-wrap\">\n<div id=\"wp-block-themeisle-blocks-advanced-column-c81f51d3\" class=\"wp-block-themeisle-blocks-advanced-column has-light-bg\">\n<h1 class=\"wp-block-heading has-text-align-center has-neve-text-color-color has-text-color\">Regitra tu agencia<\/h1>\n\n\n\n<p>Descubre una nueva manera de vender viajes, completa el formulario para que un ejecutivo comercial te contacte.<\/p>\n\n\n\n<div id=\"wp-block-themeisle-blocks-form-aed2787f\" class=\"wp-block-themeisle-blocks-form\" data-option-name=\"bf9b28ff82ce323187abc5d0feb0d8f07ecd8436_aed2787f\"><form class=\"otter-form__container\"><div class=\"protection\" aria-hidden=\"true\"><input type=\"hidden\" id=\"wp-block-themeisle-blocks-form-aed2787f_nonce_field\" name=\"wp-block-themeisle-blocks-form-aed2787f_nonce_field\" value=\"1eb940568d\" \/><input type=\"hidden\" name=\"_wp_http_referer\" value=\"\/index.php?rest_route=%2Fwp%2Fv2%2Fpages%2F143\" \/><input class=\"o-anti-bot\" type=\"checkbox\"><\/div>\n\n\n<div id=\"wp-block-themeisle-blocks-form-input-b1ad2a31\" class=\"wp-block-themeisle-blocks-form-input is-style-o-c-half\"><label for=\"wp-block-themeisle-blocks-form-input-b1ad2a31-input\" class=\"otter-form-input-label\"><span class=\"otter-form-input-label__label\">Agencia<\/span><span class=\"required\">*<\/span><\/label><input type=\"text\" id=\"wp-block-themeisle-blocks-form-input-b1ad2a31-input\" required class=\"otter-form-input\"\/><\/div>\n\n\n\n<div id=\"wp-block-themeisle-blocks-form-input-dea319f3\" class=\"wp-block-themeisle-blocks-form-input is-style-o-c-half\"><label for=\"wp-block-themeisle-blocks-form-input-dea319f3-input\" class=\"otter-form-input-label\"><span class=\"otter-form-input-label__label\">Raz\u00f3n social<\/span><span class=\"required\">*<\/span><\/label><input type=\"text\" id=\"wp-block-themeisle-blocks-form-input-dea319f3-input\" required class=\"otter-form-input\"\/><\/div>\n\n\n\n<div id=\"wp-block-themeisle-blocks-form-input-dd519bb6\" class=\"wp-block-themeisle-blocks-form-input is-style-o-c-half\"><label for=\"wp-block-themeisle-blocks-form-input-dd519bb6-input\" class=\"otter-form-input-label\"><span class=\"otter-form-input-label__label\">CUIT<\/span><span class=\"required\">*<\/span><\/label><input type=\"text\" id=\"wp-block-themeisle-blocks-form-input-dd519bb6-input\" required class=\"otter-form-input\"\/><\/div>\n\n\n\n<div id=\"wp-block-themeisle-blocks-form-input-2e3c0f0f\" class=\"wp-block-themeisle-blocks-form-input is-style-o-c-half\"><label for=\"wp-block-themeisle-blocks-form-input-2e3c0f0f-input\" class=\"otter-form-input-label\"><span class=\"otter-form-input-label__label\">Legajo<\/span><span class=\"required\">*<\/span><\/label><input type=\"text\" id=\"wp-block-themeisle-blocks-form-input-2e3c0f0f-input\" required class=\"otter-form-input\"\/><\/div>\n\n\n\n<div id=\"wp-block-themeisle-blocks-form-input-d8100327\" class=\"wp-block-themeisle-blocks-form-input\"><label for=\"wp-block-themeisle-blocks-form-input-d8100327-input\" class=\"otter-form-input-label\"><span class=\"otter-form-input-label__label\">Direcci\u00f3n<\/span><span class=\"required\">*<\/span><\/label><input type=\"text\" id=\"wp-block-themeisle-blocks-form-input-d8100327-input\" required class=\"otter-form-input\"\/><\/div>\n\n\n\n<div id=\"wp-block-themeisle-blocks-form-input-bd3c2526\" class=\"wp-block-themeisle-blocks-form-input is-style-o-c-half\"><label for=\"wp-block-themeisle-blocks-form-input-bd3c2526-input\" class=\"otter-form-input-label\"><span class=\"otter-form-input-label__label\">Ciudad<\/span><span class=\"required\">*<\/span><\/label><input type=\"text\" id=\"wp-block-themeisle-blocks-form-input-bd3c2526-input\" required class=\"otter-form-input\"\/><\/div>\n\n\n\n<div id=\"wp-block-themeisle-blocks-form-input-899b4697\" class=\"wp-block-themeisle-blocks-form-input is-style-o-c-half\"><label for=\"wp-block-themeisle-blocks-form-input-899b4697-input\" class=\"otter-form-input-label\"><span class=\"otter-form-input-label__label\">Provincia<\/span><span class=\"required\">*<\/span><\/label><input type=\"text\" id=\"wp-block-themeisle-blocks-form-input-899b4697-input\" required class=\"otter-form-input\"\/><\/div>\n\n\n\n<div id=\"wp-block-themeisle-blocks-form-input-57b4754d\" class=\"wp-block-themeisle-blocks-form-input\"><label for=\"wp-block-themeisle-blocks-form-input-57b4754d-input\" class=\"otter-form-input-label\"><span class=\"otter-form-input-label__label\">Nombre completo<\/span><span class=\"required\">*<\/span><\/label><input type=\"text\" id=\"wp-block-themeisle-blocks-form-input-57b4754d-input\" required class=\"otter-form-input\"\/><\/div>\n\n\n\n<div id=\"wp-block-themeisle-blocks-form-input-ae306451\" class=\"wp-block-themeisle-blocks-form-input is-style-o-c-half\"><label for=\"wp-block-themeisle-blocks-form-input-ae306451-input\" class=\"otter-form-input-label\"><span class=\"otter-form-input-label__label\">Email<\/span><span class=\"required\">*<\/span><\/label><input type=\"email\" id=\"wp-block-themeisle-blocks-form-input-ae306451-input\" required class=\"otter-form-input\"\/><\/div>\n\n\n\n<div id=\"wp-block-themeisle-blocks-form-input-4ecb1a9e\" class=\"wp-block-themeisle-blocks-form-input is-style-o-c-half\"><label for=\"wp-block-themeisle-blocks-form-input-4ecb1a9e-input\" class=\"otter-form-input-label\"><span class=\"otter-form-input-label__label\">Tel\u00e9fono<\/span><span class=\"required\">*<\/span><\/label><input type=\"text\" id=\"wp-block-themeisle-blocks-form-input-4ecb1a9e-input\" required class=\"otter-form-input\"\/><\/div>\n<div class=\"wp-block-button\"><button class=\"wp-block-button__link\" type=\"submit\">Submit<\/button><\/div><\/form><\/div>\n<\/div>\n<\/div><\/div>\n\n\n\n<div id=\"wp-block-themeisle-blocks-advanced-columns-d2b3b50b\" class=\"wp-block-themeisle-blocks-advanced-columns alignfull has-3-columns has-desktop-equal-layout has-tablet-equal-layout has-mobile-collapsedRows-layout has-vertical-unset has-dark-bg\"><div class=\"wp-block-themeisle-blocks-advanced-columns-overlay\"><\/div><div class=\"innerblocks-wrap\">\n<div id=\"wp-block-themeisle-blocks-advanced-column-34178fa7\" class=\"wp-block-themeisle-blocks-advanced-column\">\n<div id=\"wp-block-themeisle-blocks-font-awesome-icons-b2e502b6\" class=\"wp-block-themeisle-blocks-font-awesome-icons\"><span class=\"wp-block-themeisle-blocks-font-awesome-icons-container\"><i class=\"far fa-map\"><\/i><\/span><\/div>\n\n\n\n<p class=\"has-text-align-center has-text-color\" style=\"color:#939393;font-size:14px\">Dir<br>Rep. de eslovenia 1961, CABA, Buenos Aires, Argentina.<\/p>\n<\/div>\n\n\n\n<div id=\"wp-block-themeisle-blocks-advanced-column-f47e1f6c\" class=\"wp-block-themeisle-blocks-advanced-column\">\n<div id=\"wp-block-themeisle-blocks-font-awesome-icons-135a5b66\" class=\"wp-block-themeisle-blocks-font-awesome-icons\"><span class=\"wp-block-themeisle-blocks-font-awesome-icons-container\"><i class=\"fas fa-envelope\"><\/i><\/span><\/div>\n\n\n\n<p class=\"has-text-align-center has-text-color\" style=\"color:#939393;font-size:14px\"><a href=\"mailto:agencias@alapitravel.com\">agencias@alapitravel.com<\/a><\/p>\n<\/div>\n\n\n\n<div id=\"wp-block-themeisle-blocks-advanced-column-ff2e198d\" class=\"wp-block-themeisle-blocks-advanced-column\">\n<div id=\"wp-block-themeisle-blocks-font-awesome-icons-5d962d6e\" class=\"wp-block-themeisle-blocks-font-awesome-icons\"><span class=\"wp-block-themeisle-blocks-font-awesome-icons-container\"><i class=\"fas fa-phone-square\"><\/i><\/span><\/div>\n\n\n\n<p class=\"has-text-align-center has-text-color\" style=\"color:#939393;font-size:14px\">+54 11 5263-8169<\/p>\n<\/div>\n<\/div><\/div>\n","protected":false},"excerpt":{"rendered":"","protected":false},"author":1,"featured_media":0,"parent":0,"menu_order":0,"comment_status":"closed","ping_status":"closed","template":"page-templates\/template-pagebuilder-full-width.php","meta":{"neve_meta_sidebar":"full-width","neve_meta_container":"contained","neve_meta_enable_content_width":"on","neve_meta_content_width":100,"neve_meta_title_alignment":"","neve_meta_author_avatar":"","neve_post_elements_order":"","neve_meta_disable_header":"","neve_meta_disable_footer":"","neve_meta_disable_title":"","_themeisle_gutenberg_block_has_review":false,"footnotes":""},"class_list":["post-143","page","type-page","status-publish","hentry"],"_links":{"self":[{"href":"https:\/\/www.alapitravel.com\/index.php?rest_route=\/wp\/v2\/pages\/143","targetHints":{"allow":["GET"]}}],"collection":[{"href":"https:\/\/www.alapitravel.com\/index.php?rest_route=\/wp\/v2\/pages"}],"about":[{"href":"https:\/\/www.alapitravel.com\/index.php?rest_route=\/wp\/v2\/types\/page"}],"author":[{"embeddable":true,"href":"https:\/\/www.alapitravel.com\/index.php?rest_route=\/wp\/v2\/users\/1"}],"replies":[{"embeddable":true,"href":"https:\/\/www.alapitravel.com\/index.php?rest_route=%2Fwp%2Fv2%2Fcomments&post=143"}],"version-history":[{"count":18,"href":"https:\/\/www.alapitravel.com\/index.php?rest_route=\/wp\/v2\/pages\/143\/revisions"}],"predecessor-version":[{"id":225,"href":"https:\/\/www.alapitravel.com\/index.php?rest_route=\/wp\/v2\/pages\/143\/revisions\/225"}],"wp:attachment":[{"href":"https:\/\/www.alapitravel.com\/index.php?rest_route=%2Fwp%2Fv2%2Fmedia&parent=143"}],"curies":[{"name":"wp","href":"https:\/\/api.w.org\/{rel}","templated":true}]}}